{"id":607,"date":"2014-11-24T11:23:39","date_gmt":"2014-11-24T10:23:39","guid":{"rendered":"http:\/\/www.siat.pittini.it\/?page_id=607"},"modified":"2026-04-03T13:48:28","modified_gmt":"2026-04-03T11:48:28","slug":"unternehmen","status":"publish","type":"page","link":"https:\/\/www.siatspa.com\/de\/unternehmen\/","title":{"rendered":"Unternehmen"},"content":{"rendered":"<p style=\"text-align: justify\"><strong>SIAT S.p.A.<\/strong> ist Marktf\u00fchrer in der <strong>Herstellung von gezogenem Draht und kaltgewalzten Flacherzeugnissen mit niedrigem und mittlerem Kohlenstoffgehalt<\/strong>.<\/p>\n<p style=\"text-align: justify\">Die Integration der verschiedenen Phasen des Produktionsprozesses beginnt in den Stahlwerken der Pittini Gruppe mit der Produktion des Kn\u00fcppels, danach des Walzdrahts und endet mit dem Ziehen und Kaltwalzen von<strong> Draht und Flacherzeugnissen<\/strong> auf Rollen.<\/p>\n<p style=\"text-align: justify\"><strong>SIAT S.p.A. &#8211; Societ\u00e0 Italiana Acciai Trafilati &#8211;<\/strong> nimmt seine T\u00e4tigkeit Anfang der 1970er Jahre auf und behauptet sich schnell auf dem Markt f\u00fcr gezogene Stahlerzeugnisse. Im Bereich kaltgewalzter Flachstahl ist SIAT S.p.A ein <strong>international unangefochtener Marktf\u00fchrer<\/strong> und geh\u00f6rt zu den f\u00fchrenden europ\u00e4ischen Herstellern.<br \/>\nDie Erfolge sind das Ergebnis der st\u00e4ndigen Forschungsarbeit, der Investitionen in modernste Produktionsanlagen und der Verwendung von Pittini-Stahl als Werkstoff.<\/p>\n<p><a class=\"cta-dl\" href=\"https:\/\/www.siatspa.com\/wp-content\/uploads\/sites\/4\/2024\/04\/SIAT-Acciai-laminati-e-trafilati-EN-DE.pdf\" target=\"_blank\" rel=\"noopener noreferrer\">Downloaden SIAT Katalog<\/a><\/p>\n","protected":false},"excerpt":{"rendered":"<p>SIAT S.p.A. ist Marktf\u00fchrer in der Herstellung von gezogenem Draht und kaltgewalzten Flacherzeugnissen mit niedrigem und mittlerem Kohlenstoffgehalt. Die Integration der verschiedenen Phasen des Produktionsprozesses beginnt in den Stahlwerken der Pittini Gruppe mit der [&hellip;]<\/p>\n","protected":false},"author":1,"featured_media":2557,"parent":0,"menu_order":0,"comment_status":"closed","ping_status":"closed","template":"page-azienda.php","meta":{"_acf_changed":false,"footnotes":""},"class_list":["post-607","page","type-page","status-publish","has-post-thumbnail","hentry"],"acf":[],"yoast_head":"<!-- This site is optimized with the Yoast SEO plugin v27.4 - https:\/\/yoast.com\/product\/yoast-seo-wordpress\/ -->\n<title>Hersteller von Flach- und Profilstahl - Siat<\/title>\n<meta name=\"description\" content=\"SIAT hat sich auf die Herstellung von gezogenem Draht und kaltgewalztem Flachstahl aus Walzdraht spezialisiert.\" \/>\n<meta name=\"robots\" content=\"index, follow, max-snippet:-1, max-image-preview:large, max-video-preview:-1\" \/>\n<link rel=\"canonical\" href=\"https:\/\/www.siatspa.com\/de\/unternehmen\/\" \/>\n<meta property=\"og:locale\" content=\"de_DE\" \/>\n<meta property=\"og:type\" content=\"article\" \/>\n<meta property=\"og:title\" content=\"Hersteller von Flach- und Profilstahl - Siat\" \/>\n<meta property=\"og:description\" content=\"SIAT hat sich auf die Herstellung von gezogenem Draht und kaltgewalztem Flachstahl aus Walzdraht spezialisiert.\" \/>\n<meta property=\"og:url\" content=\"https:\/\/www.siatspa.com\/de\/unternehmen\/\" \/>\n<meta property=\"og:site_name\" content=\"Siat\" \/>\n<meta property=\"article:modified_time\" content=\"2026-04-03T11:48:28+00:00\" \/>\n<meta property=\"og:image\" content=\"https:\/\/www.siatspa.com\/wp-content\/uploads\/sites\/4\/2022\/03\/Siat-stabilimento-azienda.jpg\" \/>\n\t<meta property=\"og:image:width\" content=\"1900\" \/>\n\t<meta property=\"og:image:height\" content=\"560\" \/>\n\t<meta property=\"og:image:type\" content=\"image\/jpeg\" \/>\n<meta name=\"twitter:label1\" content=\"Gesch\u00e4tzte Lesezeit\" \/>\n\t<meta name=\"twitter:data1\" content=\"2\u00a0Minuten\" \/>\n<script type=\"application\/ld+json\" class=\"yoast-schema-graph\">{\"@context\":\"https:\\\/\\\/schema.org\",\"@graph\":[{\"@type\":\"WebPage\",\"@id\":\"https:\\\/\\\/www.siatspa.com\\\/de\\\/unternehmen\\\/\",\"url\":\"https:\\\/\\\/www.siatspa.com\\\/de\\\/unternehmen\\\/\",\"name\":\"Hersteller von Flach- und Profilstahl - Siat\",\"isPartOf\":{\"@id\":\"https:\\\/\\\/www.siatspa.com\\\/en\\\/#website\"},\"primaryImageOfPage\":{\"@id\":\"https:\\\/\\\/www.siatspa.com\\\/de\\\/unternehmen\\\/#primaryimage\"},\"image\":{\"@id\":\"https:\\\/\\\/www.siatspa.com\\\/de\\\/unternehmen\\\/#primaryimage\"},\"thumbnailUrl\":\"https:\\\/\\\/www.siatspa.com\\\/wp-content\\\/uploads\\\/sites\\\/4\\\/2022\\\/03\\\/Siat-stabilimento-azienda.jpg\",\"datePublished\":\"2014-11-24T10:23:39+00:00\",\"dateModified\":\"2026-04-03T11:48:28+00:00\",\"description\":\"SIAT hat sich auf die Herstellung von gezogenem Draht und kaltgewalztem Flachstahl aus Walzdraht spezialisiert.\",\"breadcrumb\":{\"@id\":\"https:\\\/\\\/www.siatspa.com\\\/de\\\/unternehmen\\\/#breadcrumb\"},\"inLanguage\":\"de\",\"potentialAction\":[{\"@type\":\"ReadAction\",\"target\":[\"https:\\\/\\\/www.siatspa.com\\\/de\\\/unternehmen\\\/\"]}]},{\"@type\":\"ImageObject\",\"inLanguage\":\"de\",\"@id\":\"https:\\\/\\\/www.siatspa.com\\\/de\\\/unternehmen\\\/#primaryimage\",\"url\":\"https:\\\/\\\/www.siatspa.com\\\/wp-content\\\/uploads\\\/sites\\\/4\\\/2022\\\/03\\\/Siat-stabilimento-azienda.jpg\",\"contentUrl\":\"https:\\\/\\\/www.siatspa.com\\\/wp-content\\\/uploads\\\/sites\\\/4\\\/2022\\\/03\\\/Siat-stabilimento-azienda.jpg\",\"width\":1900,\"height\":560,\"caption\":\"herstellung gezogenem draht siat\"},{\"@type\":\"BreadcrumbList\",\"@id\":\"https:\\\/\\\/www.siatspa.com\\\/de\\\/unternehmen\\\/#breadcrumb\",\"itemListElement\":[{\"@type\":\"ListItem\",\"position\":1,\"name\":\"Home\",\"item\":\"https:\\\/\\\/www.siatspa.com\\\/de\\\/\"},{\"@type\":\"ListItem\",\"position\":2,\"name\":\"Unternehmen\"}]},{\"@type\":\"WebSite\",\"@id\":\"https:\\\/\\\/www.siatspa.com\\\/en\\\/#website\",\"url\":\"https:\\\/\\\/www.siatspa.com\\\/en\\\/\",\"name\":\"Siat\",\"description\":\"Ecco un altro sito Gruppo Pittini\",\"potentialAction\":[{\"@type\":\"SearchAction\",\"target\":{\"@type\":\"EntryPoint\",\"urlTemplate\":\"https:\\\/\\\/www.siatspa.com\\\/en\\\/?s={search_term_string}\"},\"query-input\":{\"@type\":\"PropertyValueSpecification\",\"valueRequired\":true,\"valueName\":\"search_term_string\"}}],\"inLanguage\":\"de\"}]}<\/script>\n<!-- \/ Yoast SEO plugin. -->","yoast_head_json":{"title":"Hersteller von Flach- und Profilstahl - Siat","description":"SIAT hat sich auf die Herstellung von gezogenem Draht und kaltgewalztem Flachstahl aus Walzdraht spezialisiert.","robots":{"index":"index","follow":"follow","max-snippet":"max-snippet:-1","max-image-preview":"max-image-preview:large","max-video-preview":"max-video-preview:-1"},"canonical":"https:\/\/www.siatspa.com\/de\/unternehmen\/","og_locale":"de_DE","og_type":"article","og_title":"Hersteller von Flach- und Profilstahl - Siat","og_description":"SIAT hat sich auf die Herstellung von gezogenem Draht und kaltgewalztem Flachstahl aus Walzdraht spezialisiert.","og_url":"https:\/\/www.siatspa.com\/de\/unternehmen\/","og_site_name":"Siat","article_modified_time":"2026-04-03T11:48:28+00:00","og_image":[{"width":1900,"height":560,"url":"https:\/\/www.siatspa.com\/wp-content\/uploads\/sites\/4\/2022\/03\/Siat-stabilimento-azienda.jpg","type":"image\/jpeg"}],"twitter_misc":{"Gesch\u00e4tzte Lesezeit":"2\u00a0Minuten"},"schema":{"@context":"https:\/\/schema.org","@graph":[{"@type":"WebPage","@id":"https:\/\/www.siatspa.com\/de\/unternehmen\/","url":"https:\/\/www.siatspa.com\/de\/unternehmen\/","name":"Hersteller von Flach- und Profilstahl - Siat","isPartOf":{"@id":"https:\/\/www.siatspa.com\/en\/#website"},"primaryImageOfPage":{"@id":"https:\/\/www.siatspa.com\/de\/unternehmen\/#primaryimage"},"image":{"@id":"https:\/\/www.siatspa.com\/de\/unternehmen\/#primaryimage"},"thumbnailUrl":"https:\/\/www.siatspa.com\/wp-content\/uploads\/sites\/4\/2022\/03\/Siat-stabilimento-azienda.jpg","datePublished":"2014-11-24T10:23:39+00:00","dateModified":"2026-04-03T11:48:28+00:00","description":"SIAT hat sich auf die Herstellung von gezogenem Draht und kaltgewalztem Flachstahl aus Walzdraht spezialisiert.","breadcrumb":{"@id":"https:\/\/www.siatspa.com\/de\/unternehmen\/#breadcrumb"},"inLanguage":"de","potentialAction":[{"@type":"ReadAction","target":["https:\/\/www.siatspa.com\/de\/unternehmen\/"]}]},{"@type":"ImageObject","inLanguage":"de","@id":"https:\/\/www.siatspa.com\/de\/unternehmen\/#primaryimage","url":"https:\/\/www.siatspa.com\/wp-content\/uploads\/sites\/4\/2022\/03\/Siat-stabilimento-azienda.jpg","contentUrl":"https:\/\/www.siatspa.com\/wp-content\/uploads\/sites\/4\/2022\/03\/Siat-stabilimento-azienda.jpg","width":1900,"height":560,"caption":"herstellung gezogenem draht siat"},{"@type":"BreadcrumbList","@id":"https:\/\/www.siatspa.com\/de\/unternehmen\/#breadcrumb","itemListElement":[{"@type":"ListItem","position":1,"name":"Home","item":"https:\/\/www.siatspa.com\/de\/"},{"@type":"ListItem","position":2,"name":"Unternehmen"}]},{"@type":"WebSite","@id":"https:\/\/www.siatspa.com\/en\/#website","url":"https:\/\/www.siatspa.com\/en\/","name":"Siat","description":"Ecco un altro sito Gruppo Pittini","potentialAction":[{"@type":"SearchAction","target":{"@type":"EntryPoint","urlTemplate":"https:\/\/www.siatspa.com\/en\/?s={search_term_string}"},"query-input":{"@type":"PropertyValueSpecification","valueRequired":true,"valueName":"search_term_string"}}],"inLanguage":"de"}]}},"_links":{"self":[{"href":"https:\/\/www.siatspa.com\/de\/wp-json\/wp\/v2\/pages\/607","targetHints":{"allow":["GET"]}}],"collection":[{"href":"https:\/\/www.siatspa.com\/de\/wp-json\/wp\/v2\/pages"}],"about":[{"href":"https:\/\/www.siatspa.com\/de\/wp-json\/wp\/v2\/types\/page"}],"author":[{"embeddable":true,"href":"https:\/\/www.siatspa.com\/de\/wp-json\/wp\/v2\/users\/1"}],"replies":[{"embeddable":true,"href":"https:\/\/www.siatspa.com\/de\/wp-json\/wp\/v2\/comments?post=607"}],"version-history":[{"count":28,"href":"https:\/\/www.siatspa.com\/de\/wp-json\/wp\/v2\/pages\/607\/revisions"}],"predecessor-version":[{"id":3442,"href":"https:\/\/www.siatspa.com\/de\/wp-json\/wp\/v2\/pages\/607\/revisions\/3442"}],"wp:featuredmedia":[{"embeddable":true,"href":"https:\/\/www.siatspa.com\/de\/wp-json\/wp\/v2\/media\/2557"}],"wp:attachment":[{"href":"https:\/\/www.siatspa.com\/de\/wp-json\/wp\/v2\/media?parent=607"}],"curies":[{"name":"wp","href":"https:\/\/api.w.org\/{rel}","templated":true}]}}