{"id":636,"date":"2014-11-24T11:47:48","date_gmt":"2014-11-24T10:47:48","guid":{"rendered":"http:\/\/www.siat.pittini.it\/?page_id=636"},"modified":"2024-07-09T16:29:41","modified_gmt":"2024-07-09T14:29:41","slug":"gezogener-blankdraht","status":"publish","type":"page","link":"https:\/\/www.siatspa.com\/de\/produkte\/gezogener-blankdraht\/","title":{"rendered":"Gezogener Blankdraht"},"content":{"rendered":"<p style=\"text-align: justify\">SIAT S.p.A. produziert hochwertigen <strong>gezogenen Blankdr\u00e4hte<\/strong> mit niedrigem und mittlerem Kohlenstoffgehalt, der sich f\u00fcr folgende Oberfl\u00e4chenbehandlungen eignet:<\/p>\n<ul>\n<li>Verchromung<\/li>\n<li>Verzinkung<\/li>\n<li>Kunststoffbeschichtung<\/li>\n<li>Lackierung<\/li>\n<li>Vernickelung<\/li>\n<\/ul>\n<p style=\"text-align: justify\">Die Verwendung von <a href=\"https:\/\/www.pittini.com\/de\/produkte\/walzdraht\/\" target=\"_blank\" rel=\"noopener\">Walzdraht<\/a> aus unserem Stahlwerk garantiert Kontrolle, Einheitlichkeit und Best\u00e4ndigkeit der mechanischen Eigenschaften des gezogenen Drahts, so dass er sich besonders f\u00fcr die automatische Verarbeitung eignet. Die Dicke reicht von 2,0 mm bis 14,5 mm, es gibt verschiedenen Verpackungsm\u00f6glichkeiten: Coils, Spulen und Ringe.<\/p>\n<h2 style=\"text-align: left\">Kontrolle des gesamten Produktionszyklus<\/h2>\n<p style=\"text-align: justify\">Der gezogene Blankdraht wird in vielen Bereichen eingesetzt, wie z. B.:<\/p>\n<ul>\n<li>Elektrohaushaltsger\u00e4te<\/li>\n<li>M\u00f6bel und Einrichtung<\/li>\n<li>Automotive<\/li>\n<li>Metallkleinteile, Schrauben<\/li>\n<li>Maschinenbau<\/li>\n<\/ul>\n<h2 style=\"text-align: left\">Eine breite Palette, um allen Anforderungen gerecht zu werden<\/h2>\n<p style=\"text-align: justify\">Der gezogene Blankdraht ist in den folgenden Standards erh\u00e4ltlich:<\/p>\n<ul>\n<li>EN\u00a0ISO 16120-2 (ex 10016-2) C4D<\/li>\n<li>EN\u00a0ISO 16120-2 (ex 10016-2) C7D<\/li>\n<li>EN ISO 16120-2 (ex 10016-2) C9D<\/li>\n<li>EN ISO 16120-2, (ex 10016-2) C10D;<\/li>\n<li>EN 10263-2 C4C;<\/li>\n<li>EN 10263-2 C10C;<\/li>\n<li>EN 10277-2<\/li>\n<li><span class=\"Y2IQFc\" lang=\"de\">andere Qualit\u00e4ten auf Anfrage.<\/span><\/li>\n<\/ul>\n<p><a href=\"https:\/\/www.siatspa.com\/wp-content\/uploads\/sites\/4\/2024\/07\/SIAT-Drawn-wire-ENG-DE.pdf\">Gezogener Draht zu Technische Allgemein<\/a><\/p>\n","protected":false},"excerpt":{"rendered":"<p>SIAT S.p.A. produziert hochwertigen gezogenen Blankdr\u00e4hte mit niedrigem und mittlerem Kohlenstoffgehalt, der sich f\u00fcr folgende Oberfl\u00e4chenbehandlungen eignet: Verchromung Verzinkung Kunststoffbeschichtung Lackierung Vernickelung Die Verwendung von Walzdraht aus unserem Stahlwerk garantiert Kontrolle, Einheitlichkeit und Best\u00e4ndigkeit [&hellip;]<\/p>\n","protected":false},"author":1,"featured_media":2584,"parent":615,"menu_order":1,"comment_status":"closed","ping_status":"closed","template":"page-prodotto.php","meta":{"_acf_changed":false,"footnotes":""},"class_list":["post-636","page","type-page","status-publish","has-post-thumbnail","hentry"],"acf":[],"yoast_head":"<!-- This site is optimized with the Yoast SEO plugin v27.5 - https:\/\/yoast.com\/product\/yoast-seo-wordpress\/ -->\n<title>Gezogenen blankdr\u00e4hte - Siat<\/title>\n<meta name=\"description\" content=\"Die gezogenen blankdr\u00e4hte, die sich f\u00fcr Behandlungen wie Verchromen eignen, sind f\u00fcr die Welt der M\u00f6bel und kleinen Metallteile bestimmt.\" \/>\n<meta name=\"robots\" content=\"index, follow, max-snippet:-1, max-image-preview:large, max-video-preview:-1\" \/>\n<link rel=\"canonical\" href=\"https:\/\/www.siatspa.com\/de\/produkte\/gezogener-blankdraht\/\" \/>\n<meta property=\"og:locale\" content=\"de_DE\" \/>\n<meta property=\"og:type\" content=\"article\" \/>\n<meta property=\"og:title\" content=\"Gezogenen blankdr\u00e4hte - Siat\" \/>\n<meta property=\"og:description\" content=\"Die gezogenen blankdr\u00e4hte, die sich f\u00fcr Behandlungen wie Verchromen eignen, sind f\u00fcr die Welt der M\u00f6bel und kleinen Metallteile bestimmt.\" \/>\n<meta property=\"og:url\" content=\"https:\/\/www.siatspa.com\/de\/produkte\/gezogener-blankdraht\/\" \/>\n<meta property=\"og:site_name\" content=\"Siat\" \/>\n<meta property=\"article:modified_time\" content=\"2024-07-09T14:29:41+00:00\" \/>\n<meta property=\"og:image\" content=\"https:\/\/www.siatspa.com\/wp-content\/uploads\/sites\/4\/2022\/03\/Siat-fili-trafilati-lucidi-header.jpg\" \/>\n\t<meta property=\"og:image:width\" content=\"1700\" \/>\n\t<meta property=\"og:image:height\" content=\"502\" \/>\n\t<meta property=\"og:image:type\" content=\"image\/jpeg\" \/>\n<meta name=\"twitter:label1\" content=\"Gesch\u00e4tzte Lesezeit\" \/>\n\t<meta name=\"twitter:data1\" content=\"3\u00a0Minuten\" \/>\n<script type=\"application\/ld+json\" class=\"yoast-schema-graph\">{\"@context\":\"https:\\\/\\\/schema.org\",\"@graph\":[{\"@type\":\"WebPage\",\"@id\":\"https:\\\/\\\/www.siatspa.com\\\/de\\\/produkte\\\/gezogener-blankdraht\\\/\",\"url\":\"https:\\\/\\\/www.siatspa.com\\\/de\\\/produkte\\\/gezogener-blankdraht\\\/\",\"name\":\"Gezogenen blankdr\u00e4hte - Siat\",\"isPartOf\":{\"@id\":\"https:\\\/\\\/www.siatspa.com\\\/en\\\/#website\"},\"primaryImageOfPage\":{\"@id\":\"https:\\\/\\\/www.siatspa.com\\\/de\\\/produkte\\\/gezogener-blankdraht\\\/#primaryimage\"},\"image\":{\"@id\":\"https:\\\/\\\/www.siatspa.com\\\/de\\\/produkte\\\/gezogener-blankdraht\\\/#primaryimage\"},\"thumbnailUrl\":\"https:\\\/\\\/www.siatspa.com\\\/wp-content\\\/uploads\\\/sites\\\/4\\\/2022\\\/03\\\/Siat-fili-trafilati-lucidi-header.jpg\",\"datePublished\":\"2014-11-24T10:47:48+00:00\",\"dateModified\":\"2024-07-09T14:29:41+00:00\",\"description\":\"Die gezogenen blankdr\u00e4hte, die sich f\u00fcr Behandlungen wie Verchromen eignen, sind f\u00fcr die Welt der M\u00f6bel und kleinen Metallteile bestimmt.\",\"breadcrumb\":{\"@id\":\"https:\\\/\\\/www.siatspa.com\\\/de\\\/produkte\\\/gezogener-blankdraht\\\/#breadcrumb\"},\"inLanguage\":\"de\",\"potentialAction\":[{\"@type\":\"ReadAction\",\"target\":[\"https:\\\/\\\/www.siatspa.com\\\/de\\\/produkte\\\/gezogener-blankdraht\\\/\"]}]},{\"@type\":\"ImageObject\",\"inLanguage\":\"de\",\"@id\":\"https:\\\/\\\/www.siatspa.com\\\/de\\\/produkte\\\/gezogener-blankdraht\\\/#primaryimage\",\"url\":\"https:\\\/\\\/www.siatspa.com\\\/wp-content\\\/uploads\\\/sites\\\/4\\\/2022\\\/03\\\/Siat-fili-trafilati-lucidi-header.jpg\",\"contentUrl\":\"https:\\\/\\\/www.siatspa.com\\\/wp-content\\\/uploads\\\/sites\\\/4\\\/2022\\\/03\\\/Siat-fili-trafilati-lucidi-header.jpg\",\"width\":1700,\"height\":502,\"caption\":\"gezogenen draht siat\"},{\"@type\":\"BreadcrumbList\",\"@id\":\"https:\\\/\\\/www.siatspa.com\\\/de\\\/produkte\\\/gezogener-blankdraht\\\/#breadcrumb\",\"itemListElement\":[{\"@type\":\"ListItem\",\"position\":1,\"name\":\"Home\",\"item\":\"https:\\\/\\\/www.siatspa.com\\\/de\\\/\"},{\"@type\":\"ListItem\",\"position\":2,\"name\":\"Produkte\",\"item\":\"https:\\\/\\\/www.siatspa.com\\\/de\\\/produkte\\\/\"},{\"@type\":\"ListItem\",\"position\":3,\"name\":\"Gezogener Blankdraht\"}]},{\"@type\":\"WebSite\",\"@id\":\"https:\\\/\\\/www.siatspa.com\\\/en\\\/#website\",\"url\":\"https:\\\/\\\/www.siatspa.com\\\/en\\\/\",\"name\":\"Siat\",\"description\":\"Ecco un altro sito Gruppo Pittini\",\"potentialAction\":[{\"@type\":\"SearchAction\",\"target\":{\"@type\":\"EntryPoint\",\"urlTemplate\":\"https:\\\/\\\/www.siatspa.com\\\/en\\\/?s={search_term_string}\"},\"query-input\":{\"@type\":\"PropertyValueSpecification\",\"valueRequired\":true,\"valueName\":\"search_term_string\"}}],\"inLanguage\":\"de\"}]}<\/script>\n<!-- \/ Yoast SEO plugin. -->","yoast_head_json":{"title":"Gezogenen blankdr\u00e4hte - Siat","description":"Die gezogenen blankdr\u00e4hte, die sich f\u00fcr Behandlungen wie Verchromen eignen, sind f\u00fcr die Welt der M\u00f6bel und kleinen Metallteile bestimmt.","robots":{"index":"index","follow":"follow","max-snippet":"max-snippet:-1","max-image-preview":"max-image-preview:large","max-video-preview":"max-video-preview:-1"},"canonical":"https:\/\/www.siatspa.com\/de\/produkte\/gezogener-blankdraht\/","og_locale":"de_DE","og_type":"article","og_title":"Gezogenen blankdr\u00e4hte - Siat","og_description":"Die gezogenen blankdr\u00e4hte, die sich f\u00fcr Behandlungen wie Verchromen eignen, sind f\u00fcr die Welt der M\u00f6bel und kleinen Metallteile bestimmt.","og_url":"https:\/\/www.siatspa.com\/de\/produkte\/gezogener-blankdraht\/","og_site_name":"Siat","article_modified_time":"2024-07-09T14:29:41+00:00","og_image":[{"width":1700,"height":502,"url":"https:\/\/www.siatspa.com\/wp-content\/uploads\/sites\/4\/2022\/03\/Siat-fili-trafilati-lucidi-header.jpg","type":"image\/jpeg"}],"twitter_misc":{"Gesch\u00e4tzte Lesezeit":"3\u00a0Minuten"},"schema":{"@context":"https:\/\/schema.org","@graph":[{"@type":"WebPage","@id":"https:\/\/www.siatspa.com\/de\/produkte\/gezogener-blankdraht\/","url":"https:\/\/www.siatspa.com\/de\/produkte\/gezogener-blankdraht\/","name":"Gezogenen blankdr\u00e4hte - Siat","isPartOf":{"@id":"https:\/\/www.siatspa.com\/en\/#website"},"primaryImageOfPage":{"@id":"https:\/\/www.siatspa.com\/de\/produkte\/gezogener-blankdraht\/#primaryimage"},"image":{"@id":"https:\/\/www.siatspa.com\/de\/produkte\/gezogener-blankdraht\/#primaryimage"},"thumbnailUrl":"https:\/\/www.siatspa.com\/wp-content\/uploads\/sites\/4\/2022\/03\/Siat-fili-trafilati-lucidi-header.jpg","datePublished":"2014-11-24T10:47:48+00:00","dateModified":"2024-07-09T14:29:41+00:00","description":"Die gezogenen blankdr\u00e4hte, die sich f\u00fcr Behandlungen wie Verchromen eignen, sind f\u00fcr die Welt der M\u00f6bel und kleinen Metallteile bestimmt.","breadcrumb":{"@id":"https:\/\/www.siatspa.com\/de\/produkte\/gezogener-blankdraht\/#breadcrumb"},"inLanguage":"de","potentialAction":[{"@type":"ReadAction","target":["https:\/\/www.siatspa.com\/de\/produkte\/gezogener-blankdraht\/"]}]},{"@type":"ImageObject","inLanguage":"de","@id":"https:\/\/www.siatspa.com\/de\/produkte\/gezogener-blankdraht\/#primaryimage","url":"https:\/\/www.siatspa.com\/wp-content\/uploads\/sites\/4\/2022\/03\/Siat-fili-trafilati-lucidi-header.jpg","contentUrl":"https:\/\/www.siatspa.com\/wp-content\/uploads\/sites\/4\/2022\/03\/Siat-fili-trafilati-lucidi-header.jpg","width":1700,"height":502,"caption":"gezogenen draht siat"},{"@type":"BreadcrumbList","@id":"https:\/\/www.siatspa.com\/de\/produkte\/gezogener-blankdraht\/#breadcrumb","itemListElement":[{"@type":"ListItem","position":1,"name":"Home","item":"https:\/\/www.siatspa.com\/de\/"},{"@type":"ListItem","position":2,"name":"Produkte","item":"https:\/\/www.siatspa.com\/de\/produkte\/"},{"@type":"ListItem","position":3,"name":"Gezogener Blankdraht"}]},{"@type":"WebSite","@id":"https:\/\/www.siatspa.com\/en\/#website","url":"https:\/\/www.siatspa.com\/en\/","name":"Siat","description":"Ecco un altro sito Gruppo Pittini","potentialAction":[{"@type":"SearchAction","target":{"@type":"EntryPoint","urlTemplate":"https:\/\/www.siatspa.com\/en\/?s={search_term_string}"},"query-input":{"@type":"PropertyValueSpecification","valueRequired":true,"valueName":"search_term_string"}}],"inLanguage":"de"}]}},"_links":{"self":[{"href":"https:\/\/www.siatspa.com\/de\/wp-json\/wp\/v2\/pages\/636","targetHints":{"allow":["GET"]}}],"collection":[{"href":"https:\/\/www.siatspa.com\/de\/wp-json\/wp\/v2\/pages"}],"about":[{"href":"https:\/\/www.siatspa.com\/de\/wp-json\/wp\/v2\/types\/page"}],"author":[{"embeddable":true,"href":"https:\/\/www.siatspa.com\/de\/wp-json\/wp\/v2\/users\/1"}],"replies":[{"embeddable":true,"href":"https:\/\/www.siatspa.com\/de\/wp-json\/wp\/v2\/comments?post=636"}],"version-history":[{"count":23,"href":"https:\/\/www.siatspa.com\/de\/wp-json\/wp\/v2\/pages\/636\/revisions"}],"predecessor-version":[{"id":3378,"href":"https:\/\/www.siatspa.com\/de\/wp-json\/wp\/v2\/pages\/636\/revisions\/3378"}],"up":[{"embeddable":true,"href":"https:\/\/www.siatspa.com\/de\/wp-json\/wp\/v2\/pages\/615"}],"wp:featuredmedia":[{"embeddable":true,"href":"https:\/\/www.siatspa.com\/de\/wp-json\/wp\/v2\/media\/2584"}],"wp:attachment":[{"href":"https:\/\/www.siatspa.com\/de\/wp-json\/wp\/v2\/media?parent=636"}],"curies":[{"name":"wp","href":"https:\/\/api.w.org\/{rel}","templated":true}]}}