{"id":664,"date":"2014-11-24T11:58:15","date_gmt":"2014-11-24T10:58:15","guid":{"rendered":"http:\/\/www.siat.pittini.it\/?page_id=664"},"modified":"2024-07-08T17:30:22","modified_gmt":"2024-07-08T15:30:22","slug":"gedrillter-gezogener-draht","status":"publish","type":"page","link":"https:\/\/www.siatspa.com\/de\/produkte\/gedrillter-gezogener-draht\/","title":{"rendered":"Gedrillter gezogener Draht"},"content":{"rendered":"<p style=\"text-align: justify\">SIAT S.p.A erg\u00e4nzt das Sortiment an <strong>gezogenem Draht durch kaltgezogenen gedrillten Vierkantdraht aus Stahl mit geringem Kohlenstoffgehalt.<\/strong><\/p>\n<p style=\"text-align: justify\">Mit der hohen Qualit\u00e4t des in unserem Stahlwerk hergestellten verwendeten Werkstoffs und seiner pr\u00e4zisen Geometrie eignet sich der gedrillte SIAT-Vierkantdraht f\u00fcr die <strong>Verwendung in der Gitterherstellung<\/strong>.<\/p>\n<p style=\"text-align: justify\">Die Dicke reicht von 4,0 mm bis 6,0 mm, verpackt wird der Draht in Spulen.<\/p>\n<p style=\"text-align: justify\">Der gezogene, gedrillte Vierkantdraht ist in den folgenden Standards erh\u00e4ltlich:<\/p>\n<ul>\n<li>EN ISO 16120-2 (ex 10016-2) C4D<\/li>\n<li>EN ISO 16120-2 (ex 10016-2) C7D<\/li>\n<li>EN ISO 16120-2 (ex 10016-2) C9D<\/li>\n<li>EN 10277-2<\/li>\n<\/ul>\n<p><a href=\"https:\/\/www.siatspa.com\/wp-content\/uploads\/sites\/4\/2018\/04\/Siat-Scheda-Tecnica-Fili-Trafilati-Ritorti.pdf\" target=\"_blank\" rel=\"noopener\">Gedrillter Gezogener Draht zu Technische Allgemein<\/a><\/p>\n","protected":false},"excerpt":{"rendered":"<p>SIAT S.p.A erg\u00e4nzt das Sortiment an gezogenem Draht durch kaltgezogenen gedrillten Vierkantdraht aus Stahl mit geringem Kohlenstoffgehalt. Mit der hohen Qualit\u00e4t des in unserem Stahlwerk hergestellten verwendeten Werkstoffs und seiner pr\u00e4zisen Geometrie eignet sich [&hellip;]<\/p>\n","protected":false},"author":1,"featured_media":1300,"parent":615,"menu_order":4,"comment_status":"closed","ping_status":"closed","template":"page-prodotto.php","meta":{"_acf_changed":false,"footnotes":""},"class_list":["post-664","page","type-page","status-publish","has-post-thumbnail","hentry"],"acf":[],"yoast_head":"<!-- This site is optimized with the Yoast SEO plugin v27.4 - https:\/\/yoast.com\/product\/yoast-seo-wordpress\/ -->\n<title>Gedrillte gezogene Dr\u00e4hte - Siat<\/title>\n<meta name=\"description\" content=\"SIAT gedrillte gezogene Dr\u00e4hte mit einem Durchmesser von 4,0 mm bis 6,0 mm sind f\u00fcr Z\u00e4une und Fu\u00dfg\u00e4nger- und Gitterroste verwendet.\" \/>\n<meta name=\"robots\" content=\"index, follow, max-snippet:-1, max-image-preview:large, max-video-preview:-1\" \/>\n<link rel=\"canonical\" href=\"https:\/\/www.siatspa.com\/de\/produkte\/gedrillter-gezogener-draht\/\" \/>\n<meta property=\"og:locale\" content=\"de_DE\" \/>\n<meta property=\"og:type\" content=\"article\" \/>\n<meta property=\"og:title\" content=\"Gedrillte gezogene Dr\u00e4hte - Siat\" \/>\n<meta property=\"og:description\" content=\"SIAT gedrillte gezogene Dr\u00e4hte mit einem Durchmesser von 4,0 mm bis 6,0 mm sind f\u00fcr Z\u00e4une und Fu\u00dfg\u00e4nger- und Gitterroste verwendet.\" \/>\n<meta property=\"og:url\" content=\"https:\/\/www.siatspa.com\/de\/produkte\/gedrillter-gezogener-draht\/\" \/>\n<meta property=\"og:site_name\" content=\"Siat\" \/>\n<meta property=\"article:modified_time\" content=\"2024-07-08T15:30:22+00:00\" \/>\n<meta property=\"og:image\" content=\"https:\/\/www.siatspa.com\/wp-content\/uploads\/sites\/4\/2018\/03\/header-fili-trafilati-ritorti.jpg\" \/>\n\t<meta property=\"og:image:width\" content=\"1900\" \/>\n\t<meta property=\"og:image:height\" content=\"560\" \/>\n\t<meta property=\"og:image:type\" content=\"image\/jpeg\" \/>\n<meta name=\"twitter:label1\" content=\"Gesch\u00e4tzte Lesezeit\" \/>\n\t<meta name=\"twitter:data1\" content=\"2\u00a0Minuten\" \/>\n<script type=\"application\/ld+json\" class=\"yoast-schema-graph\">{\"@context\":\"https:\\\/\\\/schema.org\",\"@graph\":[{\"@type\":\"WebPage\",\"@id\":\"https:\\\/\\\/www.siatspa.com\\\/de\\\/produkte\\\/gedrillter-gezogener-draht\\\/\",\"url\":\"https:\\\/\\\/www.siatspa.com\\\/de\\\/produkte\\\/gedrillter-gezogener-draht\\\/\",\"name\":\"Gedrillte gezogene Dr\u00e4hte - Siat\",\"isPartOf\":{\"@id\":\"https:\\\/\\\/www.siatspa.com\\\/en\\\/#website\"},\"primaryImageOfPage\":{\"@id\":\"https:\\\/\\\/www.siatspa.com\\\/de\\\/produkte\\\/gedrillter-gezogener-draht\\\/#primaryimage\"},\"image\":{\"@id\":\"https:\\\/\\\/www.siatspa.com\\\/de\\\/produkte\\\/gedrillter-gezogener-draht\\\/#primaryimage\"},\"thumbnailUrl\":\"https:\\\/\\\/www.siatspa.com\\\/wp-content\\\/uploads\\\/sites\\\/4\\\/2018\\\/03\\\/header-fili-trafilati-ritorti.jpg\",\"datePublished\":\"2014-11-24T10:58:15+00:00\",\"dateModified\":\"2024-07-08T15:30:22+00:00\",\"description\":\"SIAT gedrillte gezogene Dr\u00e4hte mit einem Durchmesser von 4,0 mm bis 6,0 mm sind f\u00fcr Z\u00e4une und Fu\u00dfg\u00e4nger- und Gitterroste verwendet.\",\"breadcrumb\":{\"@id\":\"https:\\\/\\\/www.siatspa.com\\\/de\\\/produkte\\\/gedrillter-gezogener-draht\\\/#breadcrumb\"},\"inLanguage\":\"de\",\"potentialAction\":[{\"@type\":\"ReadAction\",\"target\":[\"https:\\\/\\\/www.siatspa.com\\\/de\\\/produkte\\\/gedrillter-gezogener-draht\\\/\"]}]},{\"@type\":\"ImageObject\",\"inLanguage\":\"de\",\"@id\":\"https:\\\/\\\/www.siatspa.com\\\/de\\\/produkte\\\/gedrillter-gezogener-draht\\\/#primaryimage\",\"url\":\"https:\\\/\\\/www.siatspa.com\\\/wp-content\\\/uploads\\\/sites\\\/4\\\/2018\\\/03\\\/header-fili-trafilati-ritorti.jpg\",\"contentUrl\":\"https:\\\/\\\/www.siatspa.com\\\/wp-content\\\/uploads\\\/sites\\\/4\\\/2018\\\/03\\\/header-fili-trafilati-ritorti.jpg\",\"width\":1900,\"height\":560,\"caption\":\"fili trafilati ritorti siat\"},{\"@type\":\"BreadcrumbList\",\"@id\":\"https:\\\/\\\/www.siatspa.com\\\/de\\\/produkte\\\/gedrillter-gezogener-draht\\\/#breadcrumb\",\"itemListElement\":[{\"@type\":\"ListItem\",\"position\":1,\"name\":\"Home\",\"item\":\"https:\\\/\\\/www.siatspa.com\\\/de\\\/\"},{\"@type\":\"ListItem\",\"position\":2,\"name\":\"Produkte\",\"item\":\"https:\\\/\\\/www.siatspa.com\\\/de\\\/produkte\\\/\"},{\"@type\":\"ListItem\",\"position\":3,\"name\":\"Gedrillter gezogener Draht\"}]},{\"@type\":\"WebSite\",\"@id\":\"https:\\\/\\\/www.siatspa.com\\\/en\\\/#website\",\"url\":\"https:\\\/\\\/www.siatspa.com\\\/en\\\/\",\"name\":\"Siat\",\"description\":\"Ecco un altro sito Gruppo Pittini\",\"potentialAction\":[{\"@type\":\"SearchAction\",\"target\":{\"@type\":\"EntryPoint\",\"urlTemplate\":\"https:\\\/\\\/www.siatspa.com\\\/en\\\/?s={search_term_string}\"},\"query-input\":{\"@type\":\"PropertyValueSpecification\",\"valueRequired\":true,\"valueName\":\"search_term_string\"}}],\"inLanguage\":\"de\"}]}<\/script>\n<!-- \/ Yoast SEO plugin. -->","yoast_head_json":{"title":"Gedrillte gezogene Dr\u00e4hte - Siat","description":"SIAT gedrillte gezogene Dr\u00e4hte mit einem Durchmesser von 4,0 mm bis 6,0 mm sind f\u00fcr Z\u00e4une und Fu\u00dfg\u00e4nger- und Gitterroste verwendet.","robots":{"index":"index","follow":"follow","max-snippet":"max-snippet:-1","max-image-preview":"max-image-preview:large","max-video-preview":"max-video-preview:-1"},"canonical":"https:\/\/www.siatspa.com\/de\/produkte\/gedrillter-gezogener-draht\/","og_locale":"de_DE","og_type":"article","og_title":"Gedrillte gezogene Dr\u00e4hte - Siat","og_description":"SIAT gedrillte gezogene Dr\u00e4hte mit einem Durchmesser von 4,0 mm bis 6,0 mm sind f\u00fcr Z\u00e4une und Fu\u00dfg\u00e4nger- und Gitterroste verwendet.","og_url":"https:\/\/www.siatspa.com\/de\/produkte\/gedrillter-gezogener-draht\/","og_site_name":"Siat","article_modified_time":"2024-07-08T15:30:22+00:00","og_image":[{"width":1900,"height":560,"url":"https:\/\/www.siatspa.com\/wp-content\/uploads\/sites\/4\/2018\/03\/header-fili-trafilati-ritorti.jpg","type":"image\/jpeg"}],"twitter_misc":{"Gesch\u00e4tzte Lesezeit":"2\u00a0Minuten"},"schema":{"@context":"https:\/\/schema.org","@graph":[{"@type":"WebPage","@id":"https:\/\/www.siatspa.com\/de\/produkte\/gedrillter-gezogener-draht\/","url":"https:\/\/www.siatspa.com\/de\/produkte\/gedrillter-gezogener-draht\/","name":"Gedrillte gezogene Dr\u00e4hte - Siat","isPartOf":{"@id":"https:\/\/www.siatspa.com\/en\/#website"},"primaryImageOfPage":{"@id":"https:\/\/www.siatspa.com\/de\/produkte\/gedrillter-gezogener-draht\/#primaryimage"},"image":{"@id":"https:\/\/www.siatspa.com\/de\/produkte\/gedrillter-gezogener-draht\/#primaryimage"},"thumbnailUrl":"https:\/\/www.siatspa.com\/wp-content\/uploads\/sites\/4\/2018\/03\/header-fili-trafilati-ritorti.jpg","datePublished":"2014-11-24T10:58:15+00:00","dateModified":"2024-07-08T15:30:22+00:00","description":"SIAT gedrillte gezogene Dr\u00e4hte mit einem Durchmesser von 4,0 mm bis 6,0 mm sind f\u00fcr Z\u00e4une und Fu\u00dfg\u00e4nger- und Gitterroste verwendet.","breadcrumb":{"@id":"https:\/\/www.siatspa.com\/de\/produkte\/gedrillter-gezogener-draht\/#breadcrumb"},"inLanguage":"de","potentialAction":[{"@type":"ReadAction","target":["https:\/\/www.siatspa.com\/de\/produkte\/gedrillter-gezogener-draht\/"]}]},{"@type":"ImageObject","inLanguage":"de","@id":"https:\/\/www.siatspa.com\/de\/produkte\/gedrillter-gezogener-draht\/#primaryimage","url":"https:\/\/www.siatspa.com\/wp-content\/uploads\/sites\/4\/2018\/03\/header-fili-trafilati-ritorti.jpg","contentUrl":"https:\/\/www.siatspa.com\/wp-content\/uploads\/sites\/4\/2018\/03\/header-fili-trafilati-ritorti.jpg","width":1900,"height":560,"caption":"fili trafilati ritorti siat"},{"@type":"BreadcrumbList","@id":"https:\/\/www.siatspa.com\/de\/produkte\/gedrillter-gezogener-draht\/#breadcrumb","itemListElement":[{"@type":"ListItem","position":1,"name":"Home","item":"https:\/\/www.siatspa.com\/de\/"},{"@type":"ListItem","position":2,"name":"Produkte","item":"https:\/\/www.siatspa.com\/de\/produkte\/"},{"@type":"ListItem","position":3,"name":"Gedrillter gezogener Draht"}]},{"@type":"WebSite","@id":"https:\/\/www.siatspa.com\/en\/#website","url":"https:\/\/www.siatspa.com\/en\/","name":"Siat","description":"Ecco un altro sito Gruppo Pittini","potentialAction":[{"@type":"SearchAction","target":{"@type":"EntryPoint","urlTemplate":"https:\/\/www.siatspa.com\/en\/?s={search_term_string}"},"query-input":{"@type":"PropertyValueSpecification","valueRequired":true,"valueName":"search_term_string"}}],"inLanguage":"de"}]}},"_links":{"self":[{"href":"https:\/\/www.siatspa.com\/de\/wp-json\/wp\/v2\/pages\/664","targetHints":{"allow":["GET"]}}],"collection":[{"href":"https:\/\/www.siatspa.com\/de\/wp-json\/wp\/v2\/pages"}],"about":[{"href":"https:\/\/www.siatspa.com\/de\/wp-json\/wp\/v2\/types\/page"}],"author":[{"embeddable":true,"href":"https:\/\/www.siatspa.com\/de\/wp-json\/wp\/v2\/users\/1"}],"replies":[{"embeddable":true,"href":"https:\/\/www.siatspa.com\/de\/wp-json\/wp\/v2\/comments?post=664"}],"version-history":[{"count":9,"href":"https:\/\/www.siatspa.com\/de\/wp-json\/wp\/v2\/pages\/664\/revisions"}],"predecessor-version":[{"id":3362,"href":"https:\/\/www.siatspa.com\/de\/wp-json\/wp\/v2\/pages\/664\/revisions\/3362"}],"up":[{"embeddable":true,"href":"https:\/\/www.siatspa.com\/de\/wp-json\/wp\/v2\/pages\/615"}],"wp:featuredmedia":[{"embeddable":true,"href":"https:\/\/www.siatspa.com\/de\/wp-json\/wp\/v2\/media\/1300"}],"wp:attachment":[{"href":"https:\/\/www.siatspa.com\/de\/wp-json\/wp\/v2\/media?parent=664"}],"curies":[{"name":"wp","href":"https:\/\/api.w.org\/{rel}","templated":true}]}}