{"id":759,"date":"2014-02-26T13:03:31","date_gmt":"2014-02-26T12:03:31","guid":{"rendered":"http:\/\/www.siat.pittini.it\/sales-organization-2\/"},"modified":"2022-08-24T11:50:56","modified_gmt":"2022-08-24T09:50:56","slug":"vertriebsstruktur","status":"publish","type":"page","link":"https:\/\/www.siatspa.com\/de\/vertriebsstruktur\/","title":{"rendered":"Vertriebsstruktur"},"content":{"rendered":"<p>La forza vendita di Siat suddivisa per regioni ed aree di competenza.<\/p>\n<div id=\"box-rete-vendita\">\n<div class=\"rete-vendita-italia\">\n<h3><a href=\"\/rete-vendita-italia\">Rete Vendita Italia<\/a><\/h3>\n<\/div>\n<div class=\"rete-vendita-estero\">\n<h3><a href=\"\/rete-vendita-estero\">Rete Vendita Estero<\/a><\/h3>\n<\/div>\n<\/div>\n","protected":false},"excerpt":{"rendered":"<p>La forza vendita di Siat suddivisa per regioni ed aree di competenza. Rete Vendita Italia Rete Vendita Estero<\/p>\n","protected":false},"author":1,"featured_media":0,"parent":0,"menu_order":0,"comment_status":"closed","ping_status":"closed","template":"page-rete-vendita.php","meta":{"_acf_changed":false,"footnotes":""},"class_list":["post-759","page","type-page","status-publish","hentry"],"acf":[],"yoast_head":"<!-- This site is optimized with the Yoast SEO plugin v27.4 - https:\/\/yoast.com\/product\/yoast-seo-wordpress\/ -->\n<title>Vertrieb gezogener und gewalzter Stahl - Siat<\/title>\n<meta name=\"description\" content=\"SIAT Vertriebsnetz versichert N\u00e4he und st\u00e4ndige Unterst\u00fctzung f\u00fcr alle unsere Kunden weltweit. Erfahren Sie mehr!\" \/>\n<meta name=\"robots\" content=\"index, follow, max-snippet:-1, max-image-preview:large, max-video-preview:-1\" \/>\n<link rel=\"canonical\" href=\"https:\/\/www.siatspa.com\/de\/vertriebsstruktur\/\" \/>\n<meta property=\"og:locale\" content=\"de_DE\" \/>\n<meta property=\"og:type\" content=\"article\" \/>\n<meta property=\"og:title\" content=\"Vertrieb gezogener und gewalzter Stahl - Siat\" \/>\n<meta property=\"og:description\" content=\"SIAT Vertriebsnetz versichert N\u00e4he und st\u00e4ndige Unterst\u00fctzung f\u00fcr alle unsere Kunden weltweit. Erfahren Sie mehr!\" \/>\n<meta property=\"og:url\" content=\"https:\/\/www.siatspa.com\/de\/vertriebsstruktur\/\" \/>\n<meta property=\"og:site_name\" content=\"Siat\" \/>\n<meta property=\"article:modified_time\" content=\"2022-08-24T09:50:56+00:00\" \/>\n<meta property=\"og:image\" content=\"https:\/\/www.siatspa.com\/wp-content\/uploads\/sites\/4\/2018\/04\/siat-og.png\" \/>\n\t<meta property=\"og:image:width\" content=\"1200\" \/>\n\t<meta property=\"og:image:height\" content=\"628\" \/>\n\t<meta property=\"og:image:type\" content=\"image\/png\" \/>\n<meta name=\"twitter:label1\" content=\"Gesch\u00e4tzte Lesezeit\" \/>\n\t<meta name=\"twitter:data1\" content=\"1\u00a0Minute\" \/>\n<script type=\"application\/ld+json\" class=\"yoast-schema-graph\">{\"@context\":\"https:\\\/\\\/schema.org\",\"@graph\":[{\"@type\":\"WebPage\",\"@id\":\"https:\\\/\\\/www.siatspa.com\\\/de\\\/vertriebsstruktur\\\/\",\"url\":\"https:\\\/\\\/www.siatspa.com\\\/de\\\/vertriebsstruktur\\\/\",\"name\":\"Vertrieb gezogener und gewalzter Stahl - Siat\",\"isPartOf\":{\"@id\":\"https:\\\/\\\/www.siatspa.com\\\/en\\\/#website\"},\"datePublished\":\"2014-02-26T12:03:31+00:00\",\"dateModified\":\"2022-08-24T09:50:56+00:00\",\"description\":\"SIAT Vertriebsnetz versichert N\u00e4he und st\u00e4ndige Unterst\u00fctzung f\u00fcr alle unsere Kunden weltweit. Erfahren Sie mehr!\",\"breadcrumb\":{\"@id\":\"https:\\\/\\\/www.siatspa.com\\\/de\\\/vertriebsstruktur\\\/#breadcrumb\"},\"inLanguage\":\"de\",\"potentialAction\":[{\"@type\":\"ReadAction\",\"target\":[\"https:\\\/\\\/www.siatspa.com\\\/de\\\/vertriebsstruktur\\\/\"]}]},{\"@type\":\"BreadcrumbList\",\"@id\":\"https:\\\/\\\/www.siatspa.com\\\/de\\\/vertriebsstruktur\\\/#breadcrumb\",\"itemListElement\":[{\"@type\":\"ListItem\",\"position\":1,\"name\":\"Home\",\"item\":\"https:\\\/\\\/www.siatspa.com\\\/de\\\/\"},{\"@type\":\"ListItem\",\"position\":2,\"name\":\"Vertriebsstruktur\"}]},{\"@type\":\"WebSite\",\"@id\":\"https:\\\/\\\/www.siatspa.com\\\/en\\\/#website\",\"url\":\"https:\\\/\\\/www.siatspa.com\\\/en\\\/\",\"name\":\"Siat\",\"description\":\"Ecco un altro sito Gruppo Pittini\",\"potentialAction\":[{\"@type\":\"SearchAction\",\"target\":{\"@type\":\"EntryPoint\",\"urlTemplate\":\"https:\\\/\\\/www.siatspa.com\\\/en\\\/?s={search_term_string}\"},\"query-input\":{\"@type\":\"PropertyValueSpecification\",\"valueRequired\":true,\"valueName\":\"search_term_string\"}}],\"inLanguage\":\"de\"}]}<\/script>\n<!-- \/ Yoast SEO plugin. -->","yoast_head_json":{"title":"Vertrieb gezogener und gewalzter Stahl - Siat","description":"SIAT Vertriebsnetz versichert N\u00e4he und st\u00e4ndige Unterst\u00fctzung f\u00fcr alle unsere Kunden weltweit. Erfahren Sie mehr!","robots":{"index":"index","follow":"follow","max-snippet":"max-snippet:-1","max-image-preview":"max-image-preview:large","max-video-preview":"max-video-preview:-1"},"canonical":"https:\/\/www.siatspa.com\/de\/vertriebsstruktur\/","og_locale":"de_DE","og_type":"article","og_title":"Vertrieb gezogener und gewalzter Stahl - Siat","og_description":"SIAT Vertriebsnetz versichert N\u00e4he und st\u00e4ndige Unterst\u00fctzung f\u00fcr alle unsere Kunden weltweit. Erfahren Sie mehr!","og_url":"https:\/\/www.siatspa.com\/de\/vertriebsstruktur\/","og_site_name":"Siat","article_modified_time":"2022-08-24T09:50:56+00:00","og_image":[{"width":1200,"height":628,"url":"https:\/\/www.siatspa.com\/wp-content\/uploads\/sites\/4\/2018\/04\/siat-og.png","type":"image\/png"}],"twitter_misc":{"Gesch\u00e4tzte Lesezeit":"1\u00a0Minute"},"schema":{"@context":"https:\/\/schema.org","@graph":[{"@type":"WebPage","@id":"https:\/\/www.siatspa.com\/de\/vertriebsstruktur\/","url":"https:\/\/www.siatspa.com\/de\/vertriebsstruktur\/","name":"Vertrieb gezogener und gewalzter Stahl - Siat","isPartOf":{"@id":"https:\/\/www.siatspa.com\/en\/#website"},"datePublished":"2014-02-26T12:03:31+00:00","dateModified":"2022-08-24T09:50:56+00:00","description":"SIAT Vertriebsnetz versichert N\u00e4he und st\u00e4ndige Unterst\u00fctzung f\u00fcr alle unsere Kunden weltweit. Erfahren Sie mehr!","breadcrumb":{"@id":"https:\/\/www.siatspa.com\/de\/vertriebsstruktur\/#breadcrumb"},"inLanguage":"de","potentialAction":[{"@type":"ReadAction","target":["https:\/\/www.siatspa.com\/de\/vertriebsstruktur\/"]}]},{"@type":"BreadcrumbList","@id":"https:\/\/www.siatspa.com\/de\/vertriebsstruktur\/#breadcrumb","itemListElement":[{"@type":"ListItem","position":1,"name":"Home","item":"https:\/\/www.siatspa.com\/de\/"},{"@type":"ListItem","position":2,"name":"Vertriebsstruktur"}]},{"@type":"WebSite","@id":"https:\/\/www.siatspa.com\/en\/#website","url":"https:\/\/www.siatspa.com\/en\/","name":"Siat","description":"Ecco un altro sito Gruppo Pittini","potentialAction":[{"@type":"SearchAction","target":{"@type":"EntryPoint","urlTemplate":"https:\/\/www.siatspa.com\/en\/?s={search_term_string}"},"query-input":{"@type":"PropertyValueSpecification","valueRequired":true,"valueName":"search_term_string"}}],"inLanguage":"de"}]}},"_links":{"self":[{"href":"https:\/\/www.siatspa.com\/de\/wp-json\/wp\/v2\/pages\/759","targetHints":{"allow":["GET"]}}],"collection":[{"href":"https:\/\/www.siatspa.com\/de\/wp-json\/wp\/v2\/pages"}],"about":[{"href":"https:\/\/www.siatspa.com\/de\/wp-json\/wp\/v2\/types\/page"}],"author":[{"embeddable":true,"href":"https:\/\/www.siatspa.com\/de\/wp-json\/wp\/v2\/users\/1"}],"replies":[{"embeddable":true,"href":"https:\/\/www.siatspa.com\/de\/wp-json\/wp\/v2\/comments?post=759"}],"version-history":[{"count":20,"href":"https:\/\/www.siatspa.com\/de\/wp-json\/wp\/v2\/pages\/759\/revisions"}],"predecessor-version":[{"id":2299,"href":"https:\/\/www.siatspa.com\/de\/wp-json\/wp\/v2\/pages\/759\/revisions\/2299"}],"wp:attachment":[{"href":"https:\/\/www.siatspa.com\/de\/wp-json\/wp\/v2\/media?parent=759"}],"curies":[{"name":"wp","href":"https:\/\/api.w.org\/{rel}","templated":true}]}}