{"id":767,"date":"2014-10-02T15:32:16","date_gmt":"2014-10-02T13:32:16","guid":{"rendered":"http:\/\/www.siat.pittini.it\/contacts-2\/"},"modified":"2022-08-29T10:30:42","modified_gmt":"2022-08-29T08:30:42","slug":"kontakt","status":"publish","type":"page","link":"https:\/\/www.siatspa.com\/de\/kontakt\/","title":{"rendered":"Kontakt"},"content":{"rendered":"<h2>Sprechen Sie die Fachleute bez\u00fcglich von gezogenem und gewalztem Stahl an<\/h2>\n<p style=\"text-align: justify\">Die Fachleute von SIAT sind in der Lage, alle Anforderungen im Zusammenhang mit der Produktion von kaltgezogenen und kaltgewalzten St\u00e4hlen zu erf\u00fcllen.<\/p>\n<p style=\"text-align: justify\">Unsere Qualit\u00e4tsabteilung steht f\u00fcr alle Zertifizierungsanfragen und Labortests unserer St\u00e4hle zur Verf\u00fcgung.<\/p>\n<p style=\"text-align: justify\">Wenn Sie daran interessiert sind, in einem <a href=\"https:\/\/www.pittini.it\/il-gruppo\/chi-siamo\/\">internationalen Stahlkonzern<\/a> zu arbeiten, wenden Sie sich bitte an unsere Personalabteilung, um sich \u00fcber offene Stellen zu informieren.<\/p>\n<p><strong>SIAT S.p.A.<\/strong><br \/>\n<strong> SOCIET\u00c1 ITALIANA ACCIAI TRAFILATI<\/strong><br \/>\nVia Facini, 54 &#8211; 33013 Gemona del Friuli (UD)<br \/>\nTel: +39 0432 062811<br \/>\nFax: +39 0432 062960<\/p>\n<p>&nbsp;<\/p>\n","protected":false},"excerpt":{"rendered":"<p>Sprechen Sie die Fachleute bez\u00fcglich von gezogenem und gewalztem Stahl an Die Fachleute von SIAT sind in der Lage, alle Anforderungen im Zusammenhang mit der Produktion von kaltgezogenen und kaltgewalzten St\u00e4hlen zu erf\u00fcllen. Unsere [&hellip;]<\/p>\n","protected":false},"author":1,"featured_media":2755,"parent":0,"menu_order":0,"comment_status":"closed","ping_status":"closed","template":"page-contatti.php","meta":{"_acf_changed":false,"footnotes":""},"class_list":["post-767","page","type-page","status-publish","has-post-thumbnail","hentry"],"acf":[],"yoast_head":"<!-- This site is optimized with the Yoast SEO plugin v27.5 - https:\/\/yoast.com\/product\/yoast-seo-wordpress\/ -->\n<title>Kontaktieren Sie unsere Spezialisten f\u00fcr gezogene Produkte - Siat<\/title>\n<meta name=\"description\" content=\"Ben\u00f6tigen Sie mehr Informationen oder haben Sie Fragen zu unseren Produkten? Schreiben Sie eine E-mail: SIAT Team steht Ihnen z\u00fcr Verf\u00fcgung.\" \/>\n<meta name=\"robots\" content=\"index, follow, max-snippet:-1, max-image-preview:large, max-video-preview:-1\" \/>\n<link rel=\"canonical\" href=\"https:\/\/www.siatspa.com\/de\/kontakt\/\" \/>\n<meta property=\"og:locale\" content=\"de_DE\" \/>\n<meta property=\"og:type\" content=\"article\" \/>\n<meta property=\"og:title\" content=\"Kontaktieren Sie unsere Spezialisten f\u00fcr gezogene Produkte - Siat\" \/>\n<meta property=\"og:description\" content=\"Ben\u00f6tigen Sie mehr Informationen oder haben Sie Fragen zu unseren Produkten? Schreiben Sie eine E-mail: SIAT Team steht Ihnen z\u00fcr Verf\u00fcgung.\" \/>\n<meta property=\"og:url\" content=\"https:\/\/www.siatspa.com\/de\/kontakt\/\" \/>\n<meta property=\"og:site_name\" content=\"Siat\" \/>\n<meta property=\"article:modified_time\" content=\"2022-08-29T08:30:42+00:00\" \/>\n<meta property=\"og:image\" content=\"https:\/\/www.siatspa.com\/wp-content\/uploads\/sites\/4\/2022\/08\/Siat-contatti.jpg\" \/>\n\t<meta property=\"og:image:width\" content=\"1900\" \/>\n\t<meta property=\"og:image:height\" content=\"560\" \/>\n\t<meta property=\"og:image:type\" content=\"image\/jpeg\" \/>\n<meta name=\"twitter:label1\" content=\"Gesch\u00e4tzte Lesezeit\" \/>\n\t<meta name=\"twitter:data1\" content=\"1\u00a0Minute\" \/>\n<script type=\"application\/ld+json\" class=\"yoast-schema-graph\">{\"@context\":\"https:\\\/\\\/schema.org\",\"@graph\":[{\"@type\":\"WebPage\",\"@id\":\"https:\\\/\\\/www.siatspa.com\\\/de\\\/kontakt\\\/\",\"url\":\"https:\\\/\\\/www.siatspa.com\\\/de\\\/kontakt\\\/\",\"name\":\"Kontaktieren Sie unsere Spezialisten f\u00fcr gezogene Produkte - Siat\",\"isPartOf\":{\"@id\":\"https:\\\/\\\/www.siatspa.com\\\/en\\\/#website\"},\"primaryImageOfPage\":{\"@id\":\"https:\\\/\\\/www.siatspa.com\\\/de\\\/kontakt\\\/#primaryimage\"},\"image\":{\"@id\":\"https:\\\/\\\/www.siatspa.com\\\/de\\\/kontakt\\\/#primaryimage\"},\"thumbnailUrl\":\"https:\\\/\\\/www.siatspa.com\\\/wp-content\\\/uploads\\\/sites\\\/4\\\/2022\\\/08\\\/Siat-contatti.jpg\",\"datePublished\":\"2014-10-02T13:32:16+00:00\",\"dateModified\":\"2022-08-29T08:30:42+00:00\",\"description\":\"Ben\u00f6tigen Sie mehr Informationen oder haben Sie Fragen zu unseren Produkten? Schreiben Sie eine E-mail: SIAT Team steht Ihnen z\u00fcr Verf\u00fcgung.\",\"breadcrumb\":{\"@id\":\"https:\\\/\\\/www.siatspa.com\\\/de\\\/kontakt\\\/#breadcrumb\"},\"inLanguage\":\"de\",\"potentialAction\":[{\"@type\":\"ReadAction\",\"target\":[\"https:\\\/\\\/www.siatspa.com\\\/de\\\/kontakt\\\/\"]}]},{\"@type\":\"ImageObject\",\"inLanguage\":\"de\",\"@id\":\"https:\\\/\\\/www.siatspa.com\\\/de\\\/kontakt\\\/#primaryimage\",\"url\":\"https:\\\/\\\/www.siatspa.com\\\/wp-content\\\/uploads\\\/sites\\\/4\\\/2022\\\/08\\\/Siat-contatti.jpg\",\"contentUrl\":\"https:\\\/\\\/www.siatspa.com\\\/wp-content\\\/uploads\\\/sites\\\/4\\\/2022\\\/08\\\/Siat-contatti.jpg\",\"width\":1900,\"height\":560,\"caption\":\"contatti\"},{\"@type\":\"BreadcrumbList\",\"@id\":\"https:\\\/\\\/www.siatspa.com\\\/de\\\/kontakt\\\/#breadcrumb\",\"itemListElement\":[{\"@type\":\"ListItem\",\"position\":1,\"name\":\"Home\",\"item\":\"https:\\\/\\\/www.siatspa.com\\\/de\\\/\"},{\"@type\":\"ListItem\",\"position\":2,\"name\":\"Kontakt\"}]},{\"@type\":\"WebSite\",\"@id\":\"https:\\\/\\\/www.siatspa.com\\\/en\\\/#website\",\"url\":\"https:\\\/\\\/www.siatspa.com\\\/en\\\/\",\"name\":\"Siat\",\"description\":\"Ecco un altro sito Gruppo Pittini\",\"potentialAction\":[{\"@type\":\"SearchAction\",\"target\":{\"@type\":\"EntryPoint\",\"urlTemplate\":\"https:\\\/\\\/www.siatspa.com\\\/en\\\/?s={search_term_string}\"},\"query-input\":{\"@type\":\"PropertyValueSpecification\",\"valueRequired\":true,\"valueName\":\"search_term_string\"}}],\"inLanguage\":\"de\"}]}<\/script>\n<!-- \/ Yoast SEO plugin. -->","yoast_head_json":{"title":"Kontaktieren Sie unsere Spezialisten f\u00fcr gezogene Produkte - Siat","description":"Ben\u00f6tigen Sie mehr Informationen oder haben Sie Fragen zu unseren Produkten? Schreiben Sie eine E-mail: SIAT Team steht Ihnen z\u00fcr Verf\u00fcgung.","robots":{"index":"index","follow":"follow","max-snippet":"max-snippet:-1","max-image-preview":"max-image-preview:large","max-video-preview":"max-video-preview:-1"},"canonical":"https:\/\/www.siatspa.com\/de\/kontakt\/","og_locale":"de_DE","og_type":"article","og_title":"Kontaktieren Sie unsere Spezialisten f\u00fcr gezogene Produkte - Siat","og_description":"Ben\u00f6tigen Sie mehr Informationen oder haben Sie Fragen zu unseren Produkten? Schreiben Sie eine E-mail: SIAT Team steht Ihnen z\u00fcr Verf\u00fcgung.","og_url":"https:\/\/www.siatspa.com\/de\/kontakt\/","og_site_name":"Siat","article_modified_time":"2022-08-29T08:30:42+00:00","og_image":[{"width":1900,"height":560,"url":"https:\/\/www.siatspa.com\/wp-content\/uploads\/sites\/4\/2022\/08\/Siat-contatti.jpg","type":"image\/jpeg"}],"twitter_misc":{"Gesch\u00e4tzte Lesezeit":"1\u00a0Minute"},"schema":{"@context":"https:\/\/schema.org","@graph":[{"@type":"WebPage","@id":"https:\/\/www.siatspa.com\/de\/kontakt\/","url":"https:\/\/www.siatspa.com\/de\/kontakt\/","name":"Kontaktieren Sie unsere Spezialisten f\u00fcr gezogene Produkte - Siat","isPartOf":{"@id":"https:\/\/www.siatspa.com\/en\/#website"},"primaryImageOfPage":{"@id":"https:\/\/www.siatspa.com\/de\/kontakt\/#primaryimage"},"image":{"@id":"https:\/\/www.siatspa.com\/de\/kontakt\/#primaryimage"},"thumbnailUrl":"https:\/\/www.siatspa.com\/wp-content\/uploads\/sites\/4\/2022\/08\/Siat-contatti.jpg","datePublished":"2014-10-02T13:32:16+00:00","dateModified":"2022-08-29T08:30:42+00:00","description":"Ben\u00f6tigen Sie mehr Informationen oder haben Sie Fragen zu unseren Produkten? Schreiben Sie eine E-mail: SIAT Team steht Ihnen z\u00fcr Verf\u00fcgung.","breadcrumb":{"@id":"https:\/\/www.siatspa.com\/de\/kontakt\/#breadcrumb"},"inLanguage":"de","potentialAction":[{"@type":"ReadAction","target":["https:\/\/www.siatspa.com\/de\/kontakt\/"]}]},{"@type":"ImageObject","inLanguage":"de","@id":"https:\/\/www.siatspa.com\/de\/kontakt\/#primaryimage","url":"https:\/\/www.siatspa.com\/wp-content\/uploads\/sites\/4\/2022\/08\/Siat-contatti.jpg","contentUrl":"https:\/\/www.siatspa.com\/wp-content\/uploads\/sites\/4\/2022\/08\/Siat-contatti.jpg","width":1900,"height":560,"caption":"contatti"},{"@type":"BreadcrumbList","@id":"https:\/\/www.siatspa.com\/de\/kontakt\/#breadcrumb","itemListElement":[{"@type":"ListItem","position":1,"name":"Home","item":"https:\/\/www.siatspa.com\/de\/"},{"@type":"ListItem","position":2,"name":"Kontakt"}]},{"@type":"WebSite","@id":"https:\/\/www.siatspa.com\/en\/#website","url":"https:\/\/www.siatspa.com\/en\/","name":"Siat","description":"Ecco un altro sito Gruppo Pittini","potentialAction":[{"@type":"SearchAction","target":{"@type":"EntryPoint","urlTemplate":"https:\/\/www.siatspa.com\/en\/?s={search_term_string}"},"query-input":{"@type":"PropertyValueSpecification","valueRequired":true,"valueName":"search_term_string"}}],"inLanguage":"de"}]}},"_links":{"self":[{"href":"https:\/\/www.siatspa.com\/de\/wp-json\/wp\/v2\/pages\/767","targetHints":{"allow":["GET"]}}],"collection":[{"href":"https:\/\/www.siatspa.com\/de\/wp-json\/wp\/v2\/pages"}],"about":[{"href":"https:\/\/www.siatspa.com\/de\/wp-json\/wp\/v2\/types\/page"}],"author":[{"embeddable":true,"href":"https:\/\/www.siatspa.com\/de\/wp-json\/wp\/v2\/users\/1"}],"replies":[{"embeddable":true,"href":"https:\/\/www.siatspa.com\/de\/wp-json\/wp\/v2\/comments?post=767"}],"version-history":[{"count":15,"href":"https:\/\/www.siatspa.com\/de\/wp-json\/wp\/v2\/pages\/767\/revisions"}],"predecessor-version":[{"id":2793,"href":"https:\/\/www.siatspa.com\/de\/wp-json\/wp\/v2\/pages\/767\/revisions\/2793"}],"wp:featuredmedia":[{"embeddable":true,"href":"https:\/\/www.siatspa.com\/de\/wp-json\/wp\/v2\/media\/2755"}],"wp:attachment":[{"href":"https:\/\/www.siatspa.com\/de\/wp-json\/wp\/v2\/media?parent=767"}],"curies":[{"name":"wp","href":"https:\/\/api.w.org\/{rel}","templated":true}]}}