{"id":896,"date":"2016-01-15T17:23:34","date_gmt":"2016-01-15T16:23:34","guid":{"rendered":"http:\/\/www.siat.pittini.it\/de\/produkte\/fili-ramati\/"},"modified":"2022-08-29T16:15:39","modified_gmt":"2022-08-29T14:15:39","slug":"verkupferter-draht","status":"publish","type":"page","link":"https:\/\/www.siatspa.com\/de\/produkte\/verkupferter-draht\/","title":{"rendered":"Verkupferter Draht"},"content":{"rendered":"<p style=\"text-align: justify\">Das Verkupfern von Dr\u00e4hten ist ein <a href=\"https:\/\/www.pittini.com\/de\/produkte\/produktionsprozesse\/\">Produktionsverfahren<\/a>, das gezogenen Stahldr\u00e4hten einen zus\u00e4tzlichen Schutz verleiht. Dadurch k\u00f6nnen sie in anderen Anwendungen eingesetzt werden. verkupferten Dr\u00e4hte verkupferten Dr\u00e4hte<\/p>\n<p style=\"text-align: justify\">Dank der von der Pittini Gruppe entwickelten Technologie erfolgt die Herstellung von verkupferten Dr\u00e4hten durch das <strong>Kaltwalzen<\/strong> in einem einzigen Schritt vom Walzdraht zum Endprodukt. Dadurch werden die st\u00e4ndige Kontrolle und Qualit\u00e4t sowohl des Rohmaterials, d. h. des in den Walzwerken des Konzerns hergestellten Walzdrahts, als auch des gesamten <a href=\"https:\/\/www.pittini.com\/prodotti\/processo-produttivo\/\">Produktionszyklus<\/a> gew\u00e4hrleistet.<\/p>\n<h2><strong>Das SIAT-Sortiment an verkupferten Dr\u00e4hten<br \/>\n<\/strong><\/h2>\n<p style=\"text-align: justify\">SIAT produziert Kupferdr\u00e4hte mit einem <strong>Durchmesser von bis zu 5 mm<\/strong>, die auf die verschiedensten Marktbed\u00fcrfnisse eingehen.<\/p>\n<p style=\"text-align: justify\">Die Produktion der Kupferdr\u00e4hte erfolgt durch Kaltwalzen in einem einzigen Schritt vom Draht zum Endprodukt.<\/p>\n<p style=\"text-align: justify\">Nach der Verkleinerung wird der Draht elektrochemisch entzundert und verkupfert, so dass ein perfekt haftender <strong>Kupfermantel<\/strong> erhalten wird, mit einer je nach Bedarf\/Spezifikationen des Kunden unterschiedlichen <strong>Dicke von 0,10 bis 0,60 \u00b5m<\/strong>. Der Kupfermantel wird mit einem Instrument gemessen, das die Dicke der Verkupferung mit Hilfe der Coulometrie bestimmt.<\/p>\n<p style=\"text-align: justify\">Der Verkupferter Draht sind in einem umfassenden Formatsortiment mit einem Gewicht von bis zu 1.000 kg erh\u00e4ltlich, damit bei ihrer Verwendung maximale Produktivit\u00e4t erzielt wird.<\/p>\n<p><a href=\"https:\/\/www.siatspa.com\/wp-content\/uploads\/sites\/4\/2020\/10\/SIAT-Copper-coated-wire-ENG-DE.pdf\" target=\"_blank\" rel=\"noopener noreferrer\">Download Verkupferter Dr\u00e4hte<\/a><\/p>\n","protected":false},"excerpt":{"rendered":"<p>Das Verkupfern von Dr\u00e4hten ist ein Produktionsverfahren, das gezogenen Stahldr\u00e4hten einen zus\u00e4tzlichen Schutz verleiht. Dadurch k\u00f6nnen sie in anderen Anwendungen eingesetzt werden. verkupferten Dr\u00e4hte verkupferten Dr\u00e4hte Dank der von der Pittini Gruppe entwickelten Technologie [&hellip;]<\/p>\n","protected":false},"author":1,"featured_media":2667,"parent":615,"menu_order":2,"comment_status":"closed","ping_status":"closed","template":"page-prodotto.php","meta":{"_acf_changed":false,"footnotes":""},"class_list":["post-896","page","type-page","status-publish","has-post-thumbnail","hentry"],"acf":[],"yoast_head":"<!-- This site is optimized with the Yoast SEO plugin v27.5 - https:\/\/yoast.com\/product\/yoast-seo-wordpress\/ -->\n<title>Verkupferten Dr\u00e4hten - Siat<\/title>\n<meta name=\"description\" content=\"Die verkupferten Dr\u00e4hten von SIAT, bis zu 5 mm, sind f\u00fcr die Herstellung von K\u00f6rben f\u00fcr Schwei\u00dfdraht und Rahmen f\u00fcr Automotive geeignet.\" \/>\n<meta name=\"robots\" content=\"index, follow, max-snippet:-1, max-image-preview:large, max-video-preview:-1\" \/>\n<link rel=\"canonical\" href=\"https:\/\/www.siatspa.com\/de\/produkte\/verkupferter-draht\/\" \/>\n<meta property=\"og:locale\" content=\"de_DE\" \/>\n<meta property=\"og:type\" content=\"article\" \/>\n<meta property=\"og:title\" content=\"Verkupferten Dr\u00e4hten - Siat\" \/>\n<meta property=\"og:description\" content=\"Die verkupferten Dr\u00e4hten von SIAT, bis zu 5 mm, sind f\u00fcr die Herstellung von K\u00f6rben f\u00fcr Schwei\u00dfdraht und Rahmen f\u00fcr Automotive geeignet.\" \/>\n<meta property=\"og:url\" content=\"https:\/\/www.siatspa.com\/de\/produkte\/verkupferter-draht\/\" \/>\n<meta property=\"og:site_name\" content=\"Siat\" \/>\n<meta property=\"article:modified_time\" content=\"2022-08-29T14:15:39+00:00\" \/>\n<meta property=\"og:image\" content=\"https:\/\/www.siatspa.com\/wp-content\/uploads\/sites\/4\/2022\/03\/Siat-fili-ramati-header.jpg\" \/>\n\t<meta property=\"og:image:width\" content=\"1500\" \/>\n\t<meta property=\"og:image:height\" content=\"442\" \/>\n\t<meta property=\"og:image:type\" content=\"image\/jpeg\" \/>\n<meta name=\"twitter:label1\" content=\"Gesch\u00e4tzte Lesezeit\" \/>\n\t<meta name=\"twitter:data1\" content=\"2\u00a0Minuten\" \/>\n<script type=\"application\/ld+json\" class=\"yoast-schema-graph\">{\"@context\":\"https:\\\/\\\/schema.org\",\"@graph\":[{\"@type\":\"WebPage\",\"@id\":\"https:\\\/\\\/www.siatspa.com\\\/de\\\/produkte\\\/verkupferter-draht\\\/\",\"url\":\"https:\\\/\\\/www.siatspa.com\\\/de\\\/produkte\\\/verkupferter-draht\\\/\",\"name\":\"Verkupferten Dr\u00e4hten - Siat\",\"isPartOf\":{\"@id\":\"https:\\\/\\\/www.siatspa.com\\\/en\\\/#website\"},\"primaryImageOfPage\":{\"@id\":\"https:\\\/\\\/www.siatspa.com\\\/de\\\/produkte\\\/verkupferter-draht\\\/#primaryimage\"},\"image\":{\"@id\":\"https:\\\/\\\/www.siatspa.com\\\/de\\\/produkte\\\/verkupferter-draht\\\/#primaryimage\"},\"thumbnailUrl\":\"https:\\\/\\\/www.siatspa.com\\\/wp-content\\\/uploads\\\/sites\\\/4\\\/2022\\\/03\\\/Siat-fili-ramati-header.jpg\",\"datePublished\":\"2016-01-15T16:23:34+00:00\",\"dateModified\":\"2022-08-29T14:15:39+00:00\",\"description\":\"Die verkupferten Dr\u00e4hten von SIAT, bis zu 5 mm, sind f\u00fcr die Herstellung von K\u00f6rben f\u00fcr Schwei\u00dfdraht und Rahmen f\u00fcr Automotive geeignet.\",\"breadcrumb\":{\"@id\":\"https:\\\/\\\/www.siatspa.com\\\/de\\\/produkte\\\/verkupferter-draht\\\/#breadcrumb\"},\"inLanguage\":\"de\",\"potentialAction\":[{\"@type\":\"ReadAction\",\"target\":[\"https:\\\/\\\/www.siatspa.com\\\/de\\\/produkte\\\/verkupferter-draht\\\/\"]}]},{\"@type\":\"ImageObject\",\"inLanguage\":\"de\",\"@id\":\"https:\\\/\\\/www.siatspa.com\\\/de\\\/produkte\\\/verkupferter-draht\\\/#primaryimage\",\"url\":\"https:\\\/\\\/www.siatspa.com\\\/wp-content\\\/uploads\\\/sites\\\/4\\\/2022\\\/03\\\/Siat-fili-ramati-header.jpg\",\"contentUrl\":\"https:\\\/\\\/www.siatspa.com\\\/wp-content\\\/uploads\\\/sites\\\/4\\\/2022\\\/03\\\/Siat-fili-ramati-header.jpg\",\"width\":1500,\"height\":442,\"caption\":\"verkupferte dr\u00e4hte\"},{\"@type\":\"BreadcrumbList\",\"@id\":\"https:\\\/\\\/www.siatspa.com\\\/de\\\/produkte\\\/verkupferter-draht\\\/#breadcrumb\",\"itemListElement\":[{\"@type\":\"ListItem\",\"position\":1,\"name\":\"Home\",\"item\":\"https:\\\/\\\/www.siatspa.com\\\/de\\\/\"},{\"@type\":\"ListItem\",\"position\":2,\"name\":\"Produkte\",\"item\":\"https:\\\/\\\/www.siatspa.com\\\/de\\\/produkte\\\/\"},{\"@type\":\"ListItem\",\"position\":3,\"name\":\"Verkupferter Draht\"}]},{\"@type\":\"WebSite\",\"@id\":\"https:\\\/\\\/www.siatspa.com\\\/en\\\/#website\",\"url\":\"https:\\\/\\\/www.siatspa.com\\\/en\\\/\",\"name\":\"Siat\",\"description\":\"Ecco un altro sito Gruppo Pittini\",\"potentialAction\":[{\"@type\":\"SearchAction\",\"target\":{\"@type\":\"EntryPoint\",\"urlTemplate\":\"https:\\\/\\\/www.siatspa.com\\\/en\\\/?s={search_term_string}\"},\"query-input\":{\"@type\":\"PropertyValueSpecification\",\"valueRequired\":true,\"valueName\":\"search_term_string\"}}],\"inLanguage\":\"de\"}]}<\/script>\n<!-- \/ Yoast SEO plugin. -->","yoast_head_json":{"title":"Verkupferten Dr\u00e4hten - Siat","description":"Die verkupferten Dr\u00e4hten von SIAT, bis zu 5 mm, sind f\u00fcr die Herstellung von K\u00f6rben f\u00fcr Schwei\u00dfdraht und Rahmen f\u00fcr Automotive geeignet.","robots":{"index":"index","follow":"follow","max-snippet":"max-snippet:-1","max-image-preview":"max-image-preview:large","max-video-preview":"max-video-preview:-1"},"canonical":"https:\/\/www.siatspa.com\/de\/produkte\/verkupferter-draht\/","og_locale":"de_DE","og_type":"article","og_title":"Verkupferten Dr\u00e4hten - Siat","og_description":"Die verkupferten Dr\u00e4hten von SIAT, bis zu 5 mm, sind f\u00fcr die Herstellung von K\u00f6rben f\u00fcr Schwei\u00dfdraht und Rahmen f\u00fcr Automotive geeignet.","og_url":"https:\/\/www.siatspa.com\/de\/produkte\/verkupferter-draht\/","og_site_name":"Siat","article_modified_time":"2022-08-29T14:15:39+00:00","og_image":[{"width":1500,"height":442,"url":"https:\/\/www.siatspa.com\/wp-content\/uploads\/sites\/4\/2022\/03\/Siat-fili-ramati-header.jpg","type":"image\/jpeg"}],"twitter_misc":{"Gesch\u00e4tzte Lesezeit":"2\u00a0Minuten"},"schema":{"@context":"https:\/\/schema.org","@graph":[{"@type":"WebPage","@id":"https:\/\/www.siatspa.com\/de\/produkte\/verkupferter-draht\/","url":"https:\/\/www.siatspa.com\/de\/produkte\/verkupferter-draht\/","name":"Verkupferten Dr\u00e4hten - Siat","isPartOf":{"@id":"https:\/\/www.siatspa.com\/en\/#website"},"primaryImageOfPage":{"@id":"https:\/\/www.siatspa.com\/de\/produkte\/verkupferter-draht\/#primaryimage"},"image":{"@id":"https:\/\/www.siatspa.com\/de\/produkte\/verkupferter-draht\/#primaryimage"},"thumbnailUrl":"https:\/\/www.siatspa.com\/wp-content\/uploads\/sites\/4\/2022\/03\/Siat-fili-ramati-header.jpg","datePublished":"2016-01-15T16:23:34+00:00","dateModified":"2022-08-29T14:15:39+00:00","description":"Die verkupferten Dr\u00e4hten von SIAT, bis zu 5 mm, sind f\u00fcr die Herstellung von K\u00f6rben f\u00fcr Schwei\u00dfdraht und Rahmen f\u00fcr Automotive geeignet.","breadcrumb":{"@id":"https:\/\/www.siatspa.com\/de\/produkte\/verkupferter-draht\/#breadcrumb"},"inLanguage":"de","potentialAction":[{"@type":"ReadAction","target":["https:\/\/www.siatspa.com\/de\/produkte\/verkupferter-draht\/"]}]},{"@type":"ImageObject","inLanguage":"de","@id":"https:\/\/www.siatspa.com\/de\/produkte\/verkupferter-draht\/#primaryimage","url":"https:\/\/www.siatspa.com\/wp-content\/uploads\/sites\/4\/2022\/03\/Siat-fili-ramati-header.jpg","contentUrl":"https:\/\/www.siatspa.com\/wp-content\/uploads\/sites\/4\/2022\/03\/Siat-fili-ramati-header.jpg","width":1500,"height":442,"caption":"verkupferte dr\u00e4hte"},{"@type":"BreadcrumbList","@id":"https:\/\/www.siatspa.com\/de\/produkte\/verkupferter-draht\/#breadcrumb","itemListElement":[{"@type":"ListItem","position":1,"name":"Home","item":"https:\/\/www.siatspa.com\/de\/"},{"@type":"ListItem","position":2,"name":"Produkte","item":"https:\/\/www.siatspa.com\/de\/produkte\/"},{"@type":"ListItem","position":3,"name":"Verkupferter Draht"}]},{"@type":"WebSite","@id":"https:\/\/www.siatspa.com\/en\/#website","url":"https:\/\/www.siatspa.com\/en\/","name":"Siat","description":"Ecco un altro sito Gruppo Pittini","potentialAction":[{"@type":"SearchAction","target":{"@type":"EntryPoint","urlTemplate":"https:\/\/www.siatspa.com\/en\/?s={search_term_string}"},"query-input":{"@type":"PropertyValueSpecification","valueRequired":true,"valueName":"search_term_string"}}],"inLanguage":"de"}]}},"_links":{"self":[{"href":"https:\/\/www.siatspa.com\/de\/wp-json\/wp\/v2\/pages\/896","targetHints":{"allow":["GET"]}}],"collection":[{"href":"https:\/\/www.siatspa.com\/de\/wp-json\/wp\/v2\/pages"}],"about":[{"href":"https:\/\/www.siatspa.com\/de\/wp-json\/wp\/v2\/types\/page"}],"author":[{"embeddable":true,"href":"https:\/\/www.siatspa.com\/de\/wp-json\/wp\/v2\/users\/1"}],"replies":[{"embeddable":true,"href":"https:\/\/www.siatspa.com\/de\/wp-json\/wp\/v2\/comments?post=896"}],"version-history":[{"count":13,"href":"https:\/\/www.siatspa.com\/de\/wp-json\/wp\/v2\/pages\/896\/revisions"}],"predecessor-version":[{"id":2801,"href":"https:\/\/www.siatspa.com\/de\/wp-json\/wp\/v2\/pages\/896\/revisions\/2801"}],"up":[{"embeddable":true,"href":"https:\/\/www.siatspa.com\/de\/wp-json\/wp\/v2\/pages\/615"}],"wp:featuredmedia":[{"embeddable":true,"href":"https:\/\/www.siatspa.com\/de\/wp-json\/wp\/v2\/media\/2667"}],"wp:attachment":[{"href":"https:\/\/www.siatspa.com\/de\/wp-json\/wp\/v2\/media?parent=896"}],"curies":[{"name":"wp","href":"https:\/\/api.w.org\/{rel}","templated":true}]}}